{"id":415,"date":"2015-11-17T04:19:36","date_gmt":"2015-11-17T03:19:36","guid":{"rendered":"http:\/\/logistics.stylemixthemes.com\/\/?page_id=415"},"modified":"2025-04-08T19:32:58","modified_gmt":"2025-04-08T18:32:58","slug":"ueber-uns","status":"publish","type":"page","link":"https:\/\/gaehler-transporte.ch\/index.php\/ueber-uns\/","title":{"rendered":"\u00dcber uns"},"content":{"rendered":"<div class=\"wpb-content-wrapper\"><p>[vc_row css=&#8220;.vc_custom_1448604362911{margin-bottom: 100px !important;}&#8220;][vc_column offset=&#8220;vc_col-lg-9 vc_col-md-9&#8243;][vc_row_inner css=&#8220;.vc_custom_1449140720718{margin-bottom: 0px !important;}&#8220;][vc_column_inner offset=&#8220;vc_hidden-xs&#8220; css=&#8220;.vc_custom_1449140656921{margin-bottom: 80px !important;}&#8220;][rev_slider_vc alias=&#8220;about_us_slider&#8220;][\/vc_column_inner][\/vc_row_inner][vc_column_text css=&#8220;.vc_custom_1744136578185{margin-bottom: 30px !important;}&#8220;]<\/p>\n<h2>Geschichte<\/h2>\n<p>1988 wurde unser Unternehmen von Hans-Rudolf G\u00e4hler als Einzelfirma mit einem Lastwagen gegr\u00fcndet.<\/p>\n<p>1993 erweiterten wir unsere Flotte um einen 4-Achser, um den wachsenden Anforderungen gerecht zu werden.<\/p>\n<p>2005 trat der Sohn Daniel G\u00e4hler in das Unternehmen ein.<\/p>\n<p>2018 wurde die Firma in eine Aktiengesellschaft umgewandelt.<br \/>\nHeute sind wir ein Team von neun Mitarbeitern, darunter f\u00fcnf in Teilzeit, und verf\u00fcgen \u00fcber eine moderne Flotte mit 4- und 5-Achs-Fahrzeugen, darunter Betonmischer, Kipper und Hakenger\u00e4te.<br \/>\nMit jahrelanger Erfahrung sind wir ein zuverl\u00e4ssiger Partner im Transportwesen.[\/vc_column_text][stm_image_carousel grayscale=&#8220;yes&#8220; img_size=&#8220;full&#8220; autoplay=&#8220;yes&#8220; items=&#8220;5&#8243; items_mobile=&#8220;2&#8243; images=&#8220;1572,1570,1569,1568&#8243; css=&#8220;.vc_custom_1744136910695{margin-bottom: 80px !important;}&#8220;][\/vc_column][\/vc_row][vc_row full_width=&#8220;stretch_row&#8220; el_class=&#8220;secondary_bg_color&#8220; css=&#8220;.vc_custom_1447734480631{margin-bottom: 0px !important;}&#8220;][vc_column][vc_cta h2=&#8220;Trete mit uns in Kontakt&#8220; shape=&#8220;square&#8220; add_button=&#8220;right&#8220; btn_title=&#8220;Kontaktiere uns&#8220; btn_style=&#8220;outline&#8220; btn_shape=&#8220;round&#8220; btn_color=&#8220;white&#8220; btn_i_align=&#8220;right&#8220; btn_i_icon_fontawesome=&#8220;stm-arrow-next&#8220; btn_add_icon=&#8220;true&#8220; el_class=&#8220;secondary_bg_color&#8220; btn_link=&#8220;url:https%3A%2F%2Fgaehler-transporte.ch%2Findex.php%2Fcontacts%2F|title:Kontakt&#8220;][\/vc_cta][\/vc_column][\/vc_row]<\/p>\n<\/div>","protected":false},"excerpt":{"rendered":"<p>[vc_row css=&#8220;.vc_custom_1448604362911{margin-bottom: 100px !important;}&#8220;][vc_column offset=&#8220;vc_col-lg-9 vc_col-md-9&#8243;][vc_row_inner css=&#8220;.vc_custom_1449140720718{margin-bottom: 0px !important;}&#8220;][vc_column_inner offset=&#8220;vc_hidden-xs&#8220; css=&#8220;.vc_custom_1449140656921{margin-bottom: 80px !important;}&#8220;][rev_slider_vc alias=&#8220;about_us_slider&#8220;][\/vc_column_inner][\/vc_row_inner][vc_column_text css=&#8220;.vc_custom_1744136578185{margin-bottom: 30px !important;}&#8220;] Geschichte 1988 wurde unser Unternehmen von Hans-Rudolf G\u00e4hler als Einzelfirma mit einem Lastwagen gegr\u00fcndet. 1993 erweiterten&#8230;<\/p>\n","protected":false},"author":1,"featured_media":0,"parent":0,"menu_order":0,"comment_status":"closed","ping_status":"closed","template":"","meta":{"footnotes":""},"class_list":["post-415","page","type-page","status-publish","hentry"],"_links":{"self":[{"href":"https:\/\/gaehler-transporte.ch\/index.php\/wp-json\/wp\/v2\/pages\/415","targetHints":{"allow":["GET"]}}],"collection":[{"href":"https:\/\/gaehler-transporte.ch\/index.php\/wp-json\/wp\/v2\/pages"}],"about":[{"href":"https:\/\/gaehler-transporte.ch\/index.php\/wp-json\/wp\/v2\/types\/page"}],"author":[{"embeddable":true,"href":"https:\/\/gaehler-transporte.ch\/index.php\/wp-json\/wp\/v2\/users\/1"}],"replies":[{"embeddable":true,"href":"https:\/\/gaehler-transporte.ch\/index.php\/wp-json\/wp\/v2\/comments?post=415"}],"version-history":[{"count":11,"href":"https:\/\/gaehler-transporte.ch\/index.php\/wp-json\/wp\/v2\/pages\/415\/revisions"}],"predecessor-version":[{"id":1575,"href":"https:\/\/gaehler-transporte.ch\/index.php\/wp-json\/wp\/v2\/pages\/415\/revisions\/1575"}],"wp:attachment":[{"href":"https:\/\/gaehler-transporte.ch\/index.php\/wp-json\/wp\/v2\/media?parent=415"}],"curies":[{"name":"wp","href":"https:\/\/api.w.org\/{rel}","templated":true}]}}